{"id":2623,"date":"2023-09-05T11:17:18","date_gmt":"2023-09-05T11:17:18","guid":{"rendered":"https:\/\/ponpaon.ro\/?post_type=product&#038;p=2623"},"modified":"2026-02-06T12:02:52","modified_gmt":"2026-02-06T12:02:52","slug":"szottes-neszeszer-zold-borrel","status":"publish","type":"product","link":"https:\/\/ponpaon.ro\/ro\/shop\/taskak\/szottes-neszeszer-zold-borrel\/","title":{"rendered":"Sz\u0151ttes neszeszer- z\u00f6ld b\u0151rrel"},"content":{"rendered":"<p>A neszeszer bels\u0151 r\u00e9sze v\u00edz\u00e1ll\u00f3 anyagb\u00f3l k\u00e9sz\u00fclt, \u00edgy biztons\u00e1gosan t\u00e1rolhatod benne a fontos dolgaidat. Sz\u00e1mos rekesze seg\u00edt rendszerezni az apr\u00f3bb t\u00e1rgyakat, \u00e9s mindig k\u00e9zn\u00e9l lesznek, amikor sz\u00fcks\u00e9ged van r\u00e1juk.<\/p>\n<p>Dimensiuni:<\/p>\n<p>Magass\u00e1ga: 25 cm<\/p>\n<p>Sz\u00e9less\u00e9ge: fent: 23 cm<\/p>\n<p>lent: 20 cm<\/p>","protected":false},"excerpt":{"rendered":"<p>Neszeszereink a m\u00falt sz\u00e9ps\u00e9g\u00e9t \u00e9s a modern eleganci\u00e1t \u00f6tv\u00f6zik. A st\u00edlus \u00e9s a funkcionalit\u00e1s egyszerre tal\u00e1lkoznak ezekben az egyedi darabokban.<\/p>\n<p>&nbsp;<\/p>\n<p>&nbsp;<\/p>","protected":false},"featured_media":2624,"comment_status":"open","ping_status":"closed","template":"","meta":[],"product_cat":[24,41],"product_tag":[],"_links":{"self":[{"href":"https:\/\/ponpaon.ro\/ro\/wp-json\/wp\/v2\/product\/2623"}],"collection":[{"href":"https:\/\/ponpaon.ro\/ro\/wp-json\/wp\/v2\/product"}],"about":[{"href":"https:\/\/ponpaon.ro\/ro\/wp-json\/wp\/v2\/types\/product"}],"replies":[{"embeddable":true,"href":"https:\/\/ponpaon.ro\/ro\/wp-json\/wp\/v2\/comments?post=2623"}],"wp:featuredmedia":[{"embeddable":true,"href":"https:\/\/ponpaon.ro\/ro\/wp-json\/wp\/v2\/media\/2624"}],"wp:attachment":[{"href":"https:\/\/ponpaon.ro\/ro\/wp-json\/wp\/v2\/media?parent=2623"}],"wp:term":[{"taxonomy":"product_cat","embeddable":true,"href":"https:\/\/ponpaon.ro\/ro\/wp-json\/wp\/v2\/product_cat?post=2623"},{"taxonomy":"product_tag","embeddable":true,"href":"https:\/\/ponpaon.ro\/ro\/wp-json\/wp\/v2\/product_tag?post=2623"}],"curies":[{"name":"wp","href":"https:\/\/api.w.org\/{rel}","templated":true}]}}