{"id":2659,"date":"2023-09-05T11:54:09","date_gmt":"2023-09-05T11:54:09","guid":{"rendered":"https:\/\/ponpaon.ro\/?post_type=product&#038;p=2659"},"modified":"2025-06-16T06:28:54","modified_gmt":"2025-06-16T06:28:54","slug":"antoine-rolltop-hatizsak-kek-barna","status":"publish","type":"product","link":"https:\/\/ponpaon.ro\/ro\/shop\/taskak\/antoine-rolltop-hatizsak-kek-barna\/","title":{"rendered":"Antoine Rucsac Roll-top- albastru-maro"},"content":{"rendered":"<p>Rucsacurile au dou\u0103 buzunare mai mari \u00een fa\u021b\u0103, \u0219i un buzunar mai mic cu fermoar \u00een spate \u0219i pe lateral. \u00cen interior, vei g\u0103si un buzunar cu velcro special pentru laptop \u0219i dou\u0103 buzunare mai mici, unul dintre ele cu fermoar.<\/p>\n<p>Bretelele sunt c\u0103ptu\u0219ite \u0219i spatele are o plas\u0103 pentru confort suplimentar.<\/p>\n<p>Dimensiunile sunt urm\u0103toarele: \u00cen\u0103l\u021bime: deschis: 61 cm<\/p>\n<p>L\u0103\u021bime: jos: 26 cm, sus: 38 cm<\/p>\n<p>Ad\u00e2ncime: 15 cm<\/p>","protected":false},"excerpt":{"rendered":"<p>Rucsacurile noastre rolltop personalizate sunt extrem de confortabile \u0219i te \u00eenso\u021besc \u00een fiecare c\u0103l\u0103torie \u0219i aventur\u0103.<\/p>\n<p>Designul rolltop \u00ee\u021bi permite s\u0103 ajustezi u\u0219or volumul rucsacului - ruleaz\u0103 partea superioar\u0103 c\u00e2nd ai mai pu\u021bine lucruri \u00een el, sau r\u0103sfoie\u0219te-o c\u00e2nd ai nevoie de mai mult spa\u021biu. Astfel, te po\u021bi adapta \u00eentotdeauna nevoilor tale.<\/p>\n<p>Materialele rezistente \u0219i cus\u0103turile de \u00eenalt\u0103 calitate asigur\u0103 durabilitatea, astfel \u00eenc\u00e2t rucsacul te va servi mul\u021bi ani.<\/p>\n<p>Buzunarele \u0219i compartimentele suplimentare te ajut\u0103 s\u0103-\u021bi organizezi lucrurile, \u00een timp ce designul stilat se potrive\u0219te oric\u0103rei ocazii.<\/p>\n<p>F\u0103 din rucsacul rolltop partenerul t\u0103u de \u00eencredere \u00een fiecare aventur\u0103 \u0219i u\u0219ureaz\u0103-\u021bi c\u0103l\u0103toriile \u0219i activit\u0103\u021bile zilnice!<\/p>","protected":false},"featured_media":2647,"comment_status":"open","ping_status":"closed","template":"","meta":[],"product_cat":[24,43],"product_tag":[],"_links":{"self":[{"href":"https:\/\/ponpaon.ro\/ro\/wp-json\/wp\/v2\/product\/2659"}],"collection":[{"href":"https:\/\/ponpaon.ro\/ro\/wp-json\/wp\/v2\/product"}],"about":[{"href":"https:\/\/ponpaon.ro\/ro\/wp-json\/wp\/v2\/types\/product"}],"replies":[{"embeddable":true,"href":"https:\/\/ponpaon.ro\/ro\/wp-json\/wp\/v2\/comments?post=2659"}],"wp:featuredmedia":[{"embeddable":true,"href":"https:\/\/ponpaon.ro\/ro\/wp-json\/wp\/v2\/media\/2647"}],"wp:attachment":[{"href":"https:\/\/ponpaon.ro\/ro\/wp-json\/wp\/v2\/media?parent=2659"}],"wp:term":[{"taxonomy":"product_cat","embeddable":true,"href":"https:\/\/ponpaon.ro\/ro\/wp-json\/wp\/v2\/product_cat?post=2659"},{"taxonomy":"product_tag","embeddable":true,"href":"https:\/\/ponpaon.ro\/ro\/wp-json\/wp\/v2\/product_tag?post=2659"}],"curies":[{"name":"wp","href":"https:\/\/api.w.org\/{rel}","templated":true}]}}