{"id":3070,"date":"2025-01-09T09:40:15","date_gmt":"2025-01-09T09:40:15","guid":{"rendered":"https:\/\/ponpaon.ro\/?post_type=product&#038;p=3070"},"modified":"2025-08-04T11:06:55","modified_gmt":"2025-08-04T11:06:55","slug":"lolita-ovtaska-rozsaszin-zold","status":"publish","type":"product","link":"https:\/\/ponpaon.ro\/ro\/shop\/taskak\/lolita-ovtaska-rozsaszin-zold\/","title":{"rendered":"Lolita \u00f6vt\u00e1ska-r\u00f3zsasz\u00edn-z\u00f6ld"},"content":{"rendered":"<p>Dimensiuni:<br \/>\n\u00cen\u0103l\u021bime: 16 cm<br \/>\nL\u0103\u021bime 22\/15 cm<br \/>\nAd\u00e2ncime: 8 cm<\/p>\n<p>Caracteristici:<br \/>\nPe fa\u021ba gen\u021bii, sub cureaua decorativ\u0103 este ascuns un buzunar cu fermoar, iar interiorul borsetei este alc\u0103tuit dintr-un singur compartiment.<\/p>\n<p>Cur\u0103\u021barea:<br \/>\nGenta poate fi sp\u0103lat\u0103 cu m\u00e2na, partea din piele s\u0103 nu intr\u0103 \u00een contact cu apa, pute\u021bi folosi un produs de cur\u0103\u021bare a pielii<\/p>","protected":false},"excerpt":{"rendered":"<p>Aceast\u0103 bor\u0219et\u0103 a fost conceput\u0103 \u00een a\u0219a fel \u00eenc\u00e2t s\u0103 func\u021bioneze \u0219i ca o geant\u0103 de um\u0103r mai mic\u0103, datorit\u0103 curelei sale reglabile.<\/p>\n<p>\u00cencap \u00een ea toate lucrurile necesare \u00een timpul unui festival sau unei petreceri bune, sau po\u021bi s\u0103-o folose\u0219ti chiar \u0219i la o cump\u0103r\u0103tura rapid\u0103.<\/p>","protected":false},"featured_media":3047,"comment_status":"open","ping_status":"closed","template":"","meta":[],"product_cat":[24,40,44],"product_tag":[],"_links":{"self":[{"href":"https:\/\/ponpaon.ro\/ro\/wp-json\/wp\/v2\/product\/3070"}],"collection":[{"href":"https:\/\/ponpaon.ro\/ro\/wp-json\/wp\/v2\/product"}],"about":[{"href":"https:\/\/ponpaon.ro\/ro\/wp-json\/wp\/v2\/types\/product"}],"replies":[{"embeddable":true,"href":"https:\/\/ponpaon.ro\/ro\/wp-json\/wp\/v2\/comments?post=3070"}],"wp:featuredmedia":[{"embeddable":true,"href":"https:\/\/ponpaon.ro\/ro\/wp-json\/wp\/v2\/media\/3047"}],"wp:attachment":[{"href":"https:\/\/ponpaon.ro\/ro\/wp-json\/wp\/v2\/media?parent=3070"}],"wp:term":[{"taxonomy":"product_cat","embeddable":true,"href":"https:\/\/ponpaon.ro\/ro\/wp-json\/wp\/v2\/product_cat?post=3070"},{"taxonomy":"product_tag","embeddable":true,"href":"https:\/\/ponpaon.ro\/ro\/wp-json\/wp\/v2\/product_tag?post=3070"}],"curies":[{"name":"wp","href":"https:\/\/api.w.org\/{rel}","templated":true}]}}