{"id":3193,"date":"2025-01-13T09:35:40","date_gmt":"2025-01-13T09:35:40","guid":{"rendered":"https:\/\/ponpaon.ro\/?post_type=product&#038;p=3193"},"modified":"2025-01-13T09:37:36","modified_gmt":"2025-01-13T09:37:36","slug":"odette-mini-rolltop-hatizsak-fekete","status":"publish","type":"product","link":"https:\/\/ponpaon.ro\/ro\/shop\/genti\/odette-mini-rolltop-hatizsak-fekete\/","title":{"rendered":"Odette mini rolltop h\u00e1tizs\u00e1k-fekete"},"content":{"rendered":"<p>Dimensiuni:<br \/>\nMagass\u00e1g: 43 cm (kinyitva)<br \/>\nSz\u00e9less\u00e9g: 26 cm<br \/>\nAd\u00e2ncime: 11 cm<\/p>\n<p>Caracteristici:<br \/>\nA h\u00e1tizs\u00e1k elej\u00e9n egy cipz\u00e1ros zseb tal\u00e1lhat\u00f3, belseje egyteres, de van benne egy cipz\u00e1ros \u00e9s egy beleb\u00faj\u00f3s zseb. Teteje cipz\u00e1rral z\u00e1r\u00f3dik. H\u00e1ta szivaccsal van merev\u00edtve.<\/p>\n<p>Cur\u0103\u021barea:<br \/>\nAlacsony h\u0151fokon mos\u00f3g\u00e9pben moshat\u00f3<\/p>","protected":false},"excerpt":{"rendered":"<p>Ez a kompakt rolltop h\u00e1tizs\u00e1k st\u00edlusos \u00e9s praktikus v\u00e1laszt\u00e1s mindennapi haszn\u00e1latra, az \u00e1ll\u00edthat\u00f3 fels\u0151 r\u00e9sz pedig extra pakol\u00f3helyet biztos\u00edt. K\u00f6nny\u0171, m\u00e9gis tart\u00f3s kialak\u00edt\u00e1sa t\u00f6k\u00e9letes v\u00e1rosi rohan\u00e1shoz vagy r\u00f6vid kir\u00e1ndul\u00e1sokhoz.<\/p>","protected":false},"featured_media":3170,"comment_status":"open","ping_status":"closed","template":"","meta":[],"product_cat":[43,24],"product_tag":[],"_links":{"self":[{"href":"https:\/\/ponpaon.ro\/ro\/wp-json\/wp\/v2\/product\/3193"}],"collection":[{"href":"https:\/\/ponpaon.ro\/ro\/wp-json\/wp\/v2\/product"}],"about":[{"href":"https:\/\/ponpaon.ro\/ro\/wp-json\/wp\/v2\/types\/product"}],"replies":[{"embeddable":true,"href":"https:\/\/ponpaon.ro\/ro\/wp-json\/wp\/v2\/comments?post=3193"}],"wp:featuredmedia":[{"embeddable":true,"href":"https:\/\/ponpaon.ro\/ro\/wp-json\/wp\/v2\/media\/3170"}],"wp:attachment":[{"href":"https:\/\/ponpaon.ro\/ro\/wp-json\/wp\/v2\/media?parent=3193"}],"wp:term":[{"taxonomy":"product_cat","embeddable":true,"href":"https:\/\/ponpaon.ro\/ro\/wp-json\/wp\/v2\/product_cat?post=3193"},{"taxonomy":"product_tag","embeddable":true,"href":"https:\/\/ponpaon.ro\/ro\/wp-json\/wp\/v2\/product_tag?post=3193"}],"curies":[{"name":"wp","href":"https:\/\/api.w.org\/{rel}","templated":true}]}}