{"id":3203,"date":"2025-01-13T09:53:08","date_gmt":"2025-01-13T09:53:08","guid":{"rendered":"https:\/\/ponpaon.ro\/?post_type=product&#038;p=3203"},"modified":"2026-02-24T11:50:24","modified_gmt":"2026-02-24T11:50:24","slug":"modemoiselle-valltaska-fekete-feher","status":"publish","type":"product","link":"https:\/\/ponpaon.ro\/ro\/shop\/valltaskak\/modemoiselle-valltaska-fekete-feher\/","title":{"rendered":"Modemoiselle v\u00e1llt\u00e1ska- fekete feh\u00e9r"},"content":{"rendered":"<p>Dimensiuni:<br \/>\n\u00cen\u0103l\u021bime: 29 cm<br \/>\nL\u0103\u021bime 28 cm<br \/>\nM\u00e9lys\u00e9g: 11 cm<\/p>\n<p>Caracteristici:<\/p>\n<p>A t\u00e1ska cipz\u00e1rral z\u00e1r\u00f3dik.<\/p>\n<p>Belseje egyteres, de tal\u00e1lhat\u00f3 benne egy cipz\u00e1ros \u00e9s beleb\u00fajos zseb valamint k\u00e9t m\u00e1sik, kisebb beleb\u00fajos zseb az apr\u00f3s\u00e1gok r\u00e9sz\u00e9re. (pl telefon, kulcsok stb)<\/p>\n<p>Cur\u0103\u021barea:<br \/>\nGenta poate fi sp\u0103lat\u0103 cu m\u00e2na, partea din piele s\u0103 nu intr\u0103 \u00een contact cu apa, pute\u021bi folosi un produs de cur\u0103\u021bare a pielii<\/p>","protected":false},"excerpt":{"rendered":"<p>Baty\u00fa alakj\u00e1nak k\u00f6sz\u00f6nhet\u0151en egy t\u00e1gas, j\u00f3l megpakolhat\u00f3 t\u00e1ska. Levehet\u0151 hossz\u00fa p\u00e1ntja \u00e9s k\u00e9nyelmes foganty\u00faja praktikus viseletet biztos\u00edt.<\/p>","protected":false},"featured_media":3182,"comment_status":"open","ping_status":"closed","template":"","meta":[],"product_cat":[45,24],"product_tag":[],"_links":{"self":[{"href":"https:\/\/ponpaon.ro\/ro\/wp-json\/wp\/v2\/product\/3203"}],"collection":[{"href":"https:\/\/ponpaon.ro\/ro\/wp-json\/wp\/v2\/product"}],"about":[{"href":"https:\/\/ponpaon.ro\/ro\/wp-json\/wp\/v2\/types\/product"}],"replies":[{"embeddable":true,"href":"https:\/\/ponpaon.ro\/ro\/wp-json\/wp\/v2\/comments?post=3203"}],"wp:featuredmedia":[{"embeddable":true,"href":"https:\/\/ponpaon.ro\/ro\/wp-json\/wp\/v2\/media\/3182"}],"wp:attachment":[{"href":"https:\/\/ponpaon.ro\/ro\/wp-json\/wp\/v2\/media?parent=3203"}],"wp:term":[{"taxonomy":"product_cat","embeddable":true,"href":"https:\/\/ponpaon.ro\/ro\/wp-json\/wp\/v2\/product_cat?post=3203"},{"taxonomy":"product_tag","embeddable":true,"href":"https:\/\/ponpaon.ro\/ro\/wp-json\/wp\/v2\/product_tag?post=3203"}],"curies":[{"name":"wp","href":"https:\/\/api.w.org\/{rel}","templated":true}]}}