{"id":3207,"date":"2025-01-13T10:11:17","date_gmt":"2025-01-13T10:11:17","guid":{"rendered":"https:\/\/ponpaon.ro\/?post_type=product&#038;p=3207"},"modified":"2025-08-04T11:11:15","modified_gmt":"2025-08-04T11:11:15","slug":"kis-valltaska","status":"publish","type":"product","link":"https:\/\/ponpaon.ro\/ro\/shop\/valltaskak\/kis-valltaska\/","title":{"rendered":"Kis v\u00e1llt\u00e1ska"},"content":{"rendered":"<p>Magass\u00e1g: 21 cm<br \/>\nSz\u00e9less\u00e9g: 24 cm<br \/>\nAd\u00e2ncime: 8 cm<\/p>\n<p>Caracteristici:<br \/>\nA v\u00e1llt\u00e1ska eleje b\u0151r karik\u00e1kkal van disz\u00edtve, ami teljesen egyediv\u00e9 teszi a t\u00e1sk\u00e1t.<\/p>\n<p>Belsej\u00e9ben b\u0151rb\u0151l tal\u00e1lhat\u00f3 zseb a bankk\u00e1rty\u00e1knak, szem\u00e9lyinek \u00e9s egy\u00e9b m\u00e1s apr\u00f3s\u00e1goknak. A t\u00e1ska cipz\u00e1rral z\u00e1r\u00f3dik, \u00e1ll\u00edthat\u00f3 b\u0151r v\u00e1llp\u00e1ntja van.<\/p>\n<p>Cur\u0103\u021barea:<br \/>\nGenta poate fi sp\u0103lat\u0103 cu m\u00e2na, partea din piele s\u0103 nu intr\u0103 \u00een contact cu apa, pute\u021bi folosi un produs de cur\u0103\u021bare a pielii<\/p>","protected":false},"excerpt":{"rendered":"<p>B\u0151r karik\u00e1kkal disz\u00edtett egyedi kis v\u00e1llt\u00e1sa.<\/p>","protected":false},"featured_media":3189,"comment_status":"open","ping_status":"closed","template":"","meta":[],"product_cat":[45,40,24],"product_tag":[],"_links":{"self":[{"href":"https:\/\/ponpaon.ro\/ro\/wp-json\/wp\/v2\/product\/3207"}],"collection":[{"href":"https:\/\/ponpaon.ro\/ro\/wp-json\/wp\/v2\/product"}],"about":[{"href":"https:\/\/ponpaon.ro\/ro\/wp-json\/wp\/v2\/types\/product"}],"replies":[{"embeddable":true,"href":"https:\/\/ponpaon.ro\/ro\/wp-json\/wp\/v2\/comments?post=3207"}],"wp:featuredmedia":[{"embeddable":true,"href":"https:\/\/ponpaon.ro\/ro\/wp-json\/wp\/v2\/media\/3189"}],"wp:attachment":[{"href":"https:\/\/ponpaon.ro\/ro\/wp-json\/wp\/v2\/media?parent=3207"}],"wp:term":[{"taxonomy":"product_cat","embeddable":true,"href":"https:\/\/ponpaon.ro\/ro\/wp-json\/wp\/v2\/product_cat?post=3207"},{"taxonomy":"product_tag","embeddable":true,"href":"https:\/\/ponpaon.ro\/ro\/wp-json\/wp\/v2\/product_tag?post=3207"}],"curies":[{"name":"wp","href":"https:\/\/api.w.org\/{rel}","templated":true}]}}