{"id":3539,"date":"2026-02-09T05:52:27","date_gmt":"2026-02-09T05:52:27","guid":{"rendered":"https:\/\/ponpaon.ro\/?post_type=product&#038;p=3539"},"modified":"2026-02-09T05:53:39","modified_gmt":"2026-02-09T05:53:39","slug":"tarolo-fekete-feher-borrel","status":"publish","type":"product","link":"https:\/\/ponpaon.ro\/ro\/shop\/egyedi-termek\/tarolo-fekete-feher-borrel\/","title":{"rendered":"T\u00e1rol\u00f3-fekete feh\u00e9r b\u0151rrel"},"content":{"rendered":"<div dir=\"auto\">Kis t\u00e1rol\u00f3, bel\u00fcl van a k\u00e1rty\u00e1nak, szem\u00e9lyinek zseb, j\u00f3l elf\u00e9r benne a pap\u00edrp\u00e9nz is. Ezen k\u00edv\u00fcl m\u00e9g m\u00e1st is tudsz bele tenni.<\/div>\n<div dir=\"auto\">K\u00e9zre akaszthat\u00f3.<\/div>\n<div dir=\"auto\">Cipz\u00e1rral z\u00e1r\u00f3dik.<\/div>\n<div dir=\"auto\">M\u00e9rete: 20 * 17 cm.<\/div>","protected":false},"excerpt":{"rendered":"<p>Egyed, b\u0151r d\u00edszekkel ell\u00e1tott t\u00e1rol\u00f3.<\/p>","protected":false},"featured_media":3441,"comment_status":"open","ping_status":"closed","template":"","meta":[],"product_cat":[40],"product_tag":[],"_links":{"self":[{"href":"https:\/\/ponpaon.ro\/ro\/wp-json\/wp\/v2\/product\/3539"}],"collection":[{"href":"https:\/\/ponpaon.ro\/ro\/wp-json\/wp\/v2\/product"}],"about":[{"href":"https:\/\/ponpaon.ro\/ro\/wp-json\/wp\/v2\/types\/product"}],"replies":[{"embeddable":true,"href":"https:\/\/ponpaon.ro\/ro\/wp-json\/wp\/v2\/comments?post=3539"}],"wp:featuredmedia":[{"embeddable":true,"href":"https:\/\/ponpaon.ro\/ro\/wp-json\/wp\/v2\/media\/3441"}],"wp:attachment":[{"href":"https:\/\/ponpaon.ro\/ro\/wp-json\/wp\/v2\/media?parent=3539"}],"wp:term":[{"taxonomy":"product_cat","embeddable":true,"href":"https:\/\/ponpaon.ro\/ro\/wp-json\/wp\/v2\/product_cat?post=3539"},{"taxonomy":"product_tag","embeddable":true,"href":"https:\/\/ponpaon.ro\/ro\/wp-json\/wp\/v2\/product_tag?post=3539"}],"curies":[{"name":"wp","href":"https:\/\/api.w.org\/{rel}","templated":true}]}}