{"id":3559,"date":"2026-02-09T08:47:45","date_gmt":"2026-02-09T08:47:45","guid":{"rendered":"https:\/\/ponpaon.ro\/?post_type=product&#038;p=3559"},"modified":"2026-02-09T08:50:10","modified_gmt":"2026-02-09T08:50:10","slug":"lola-varosi-hatizsak-rozsda-csikos-szottes-masolat","status":"publish","type":"product","link":"https:\/\/ponpaon.ro\/ro\/shop\/hatizsakok\/lola-varosi-hatizsak-rozsda-csikos-szottes-masolat\/","title":{"rendered":"Lola v\u00e1rosi h\u00e1tizs\u00e1k-k\u00e9k bord\u00f3 sz\u0151ttes"},"content":{"rendered":"<p>Ez a h\u00e1tizs\u00e1k csak patenttal z\u00e1r\u00f3dik, nincs cipz\u00e1rja.<\/p>\n<p>Caracteristici:<\/p>\n<p>A h\u00e1tizs\u00e1k elej\u00e9n egy cipz\u00e1ros zseb tal\u00e1lhat\u00f3, belseje egyteres, de van benne egy cipz\u00e1ros \u00e9s egy beleb\u00faj\u00f3s zseb. Oldalai patenttal kapcsolhat\u00f3 \u00f6ssze, teteje cipz\u00e1rral z\u00e1r\u00f3dik, v\u00e1llp\u00e1ntjai \u00e1ll\u00cdthat\u00f3ak. H\u00e1ta szivaccsal van merev\u00edtve.<\/p>\n<p>Tisztit\u00e1sa:<\/p>\n<p>K\u00e9zi tiszt\u00edt\u00e1st aj\u00e1nlunk, a b\u0151r r\u00e9szeket b\u0151r\u00e1pol\u00f3\u00a0szerekkel lehet \u00e1tt\u00f6r\u00f6lni-ez esetenk\u00e9nt megs\u00f6t\u00e9titheti a b\u0151r sz\u00edn\u00e9t.<\/p>\n<p>Dimensiuni:<\/p>\n<p>\u00cen\u0103l\u021bime: 29 cm<\/p>\n<p>L\u0103\u021bime 28 cm<\/p>\n<p>Ad\u00e2ncime: 11 cm<\/p>","protected":false},"excerpt":{"rendered":"<p>Sz\u0151ttesb\u0151l k\u00e9sz\u00fclt v\u00e1rosi h\u00e1tizs\u00e1kunk elengedhetetlen kell\u00e9ke a mindennapjaidnak. Ha azt szeretn\u00e9d, hogy mink\u00e9t kezed szabad legyen, \u0150 a legjobb v\u00e1laszt\u00e1s. Minden elf\u00e9r benne, ami egy kisebb v\u00e1rosi s\u00e9t\u00e1hoz, kir\u00e1ndul\u00e1shoz vagy a mindennapi zsong\u00e1shoz sz\u00fcks\u00e9ges<\/p>\n<p>&nbsp;<\/p>","protected":false},"featured_media":3456,"comment_status":"open","ping_status":"closed","template":"","meta":[],"product_cat":[43,40,41,24],"product_tag":[],"_links":{"self":[{"href":"https:\/\/ponpaon.ro\/ro\/wp-json\/wp\/v2\/product\/3559"}],"collection":[{"href":"https:\/\/ponpaon.ro\/ro\/wp-json\/wp\/v2\/product"}],"about":[{"href":"https:\/\/ponpaon.ro\/ro\/wp-json\/wp\/v2\/types\/product"}],"replies":[{"embeddable":true,"href":"https:\/\/ponpaon.ro\/ro\/wp-json\/wp\/v2\/comments?post=3559"}],"wp:featuredmedia":[{"embeddable":true,"href":"https:\/\/ponpaon.ro\/ro\/wp-json\/wp\/v2\/media\/3456"}],"wp:attachment":[{"href":"https:\/\/ponpaon.ro\/ro\/wp-json\/wp\/v2\/media?parent=3559"}],"wp:term":[{"taxonomy":"product_cat","embeddable":true,"href":"https:\/\/ponpaon.ro\/ro\/wp-json\/wp\/v2\/product_cat?post=3559"},{"taxonomy":"product_tag","embeddable":true,"href":"https:\/\/ponpaon.ro\/ro\/wp-json\/wp\/v2\/product_tag?post=3559"}],"curies":[{"name":"wp","href":"https:\/\/api.w.org\/{rel}","templated":true}]}}