{"id":3562,"date":"2026-02-09T08:59:35","date_gmt":"2026-02-09T08:59:35","guid":{"rendered":"https:\/\/ponpaon.ro\/?post_type=product&#038;p=3562"},"modified":"2026-02-09T09:00:38","modified_gmt":"2026-02-09T09:00:38","slug":"bor-ov-barna-2","status":"publish","type":"product","link":"https:\/\/ponpaon.ro\/ro\/shop\/egyedi-termek\/bor-ov-barna-2\/","title":{"rendered":"B\u0151r \u00f6v- barna"},"content":{"rendered":"<p>T\u00f6bb pontban \u00e1ll\u00edthat\u00f3.<\/p>","protected":false},"excerpt":{"rendered":"<p>Egyedi, k\u00e9zzel k\u00e9sz\u00edtett \u00f6v egym\u00e1sra illesztett b\u0151rkarik\u00e1kb\u00f3l, amely k\u00fcl\u00f6nleges text\u00far\u00e1t \u00e9s karaktert ad b\u00e1rmely \u00f6lt\u00f6z\u00e9knek. K\u00e9nyelmes viselet, h\u00e9tk\u00f6znapi \u00e9s alkalmi szettekhez is st\u00edlusos kieg\u00e9sz\u00edt\u0151.<\/p>","protected":false},"featured_media":3360,"comment_status":"open","ping_status":"closed","template":"","meta":[],"product_cat":[40],"product_tag":[],"_links":{"self":[{"href":"https:\/\/ponpaon.ro\/ro\/wp-json\/wp\/v2\/product\/3562"}],"collection":[{"href":"https:\/\/ponpaon.ro\/ro\/wp-json\/wp\/v2\/product"}],"about":[{"href":"https:\/\/ponpaon.ro\/ro\/wp-json\/wp\/v2\/types\/product"}],"replies":[{"embeddable":true,"href":"https:\/\/ponpaon.ro\/ro\/wp-json\/wp\/v2\/comments?post=3562"}],"wp:featuredmedia":[{"embeddable":true,"href":"https:\/\/ponpaon.ro\/ro\/wp-json\/wp\/v2\/media\/3360"}],"wp:attachment":[{"href":"https:\/\/ponpaon.ro\/ro\/wp-json\/wp\/v2\/media?parent=3562"}],"wp:term":[{"taxonomy":"product_cat","embeddable":true,"href":"https:\/\/ponpaon.ro\/ro\/wp-json\/wp\/v2\/product_cat?post=3562"},{"taxonomy":"product_tag","embeddable":true,"href":"https:\/\/ponpaon.ro\/ro\/wp-json\/wp\/v2\/product_tag?post=3562"}],"curies":[{"name":"wp","href":"https:\/\/api.w.org\/{rel}","templated":true}]}}