{"id":3571,"date":"2026-02-09T09:20:25","date_gmt":"2026-02-09T09:20:25","guid":{"rendered":"https:\/\/ponpaon.ro\/?post_type=product&#038;p=3571"},"modified":"2026-02-09T09:21:30","modified_gmt":"2026-02-09T09:21:30","slug":"penztarca-arany-nyomott-minta-masolat","status":"publish","type":"product","link":"https:\/\/ponpaon.ro\/ro\/shop\/egyedi-termek\/penztarca-arany-nyomott-minta-masolat\/","title":{"rendered":"P\u00e9nzt\u00e1rca- z\u00f6ldes"},"content":{"rendered":"<p>A p\u00e9nzt\u00e1rca belsej\u00e9ben van hely k\u00e1rty\u00e1knak, apr\u00f3 \u00e9s pap\u00edrp\u00e9nznek, de j\u00f3l elf\u00e9r benne a rom\u00e1n szem\u00e9lyi is.<\/p>\n<p>Dimensiuni:<\/p>\n<p>hossz\u00fas\u00e1ga \u00f6sszecs\u00fakva: 12,5 cm<\/p>\n<p>kinyitva: 30 cm<\/p>\n<p>sz\u00e9less\u00e9ge: 9,5 cm<\/p>","protected":false},"excerpt":{"rendered":"<p>P\u00e9nzt\u00e1rc\u00e1ink az \u00fajrahasznos\u00edt\u00e1s jegy\u00e9ben a lees\u0151 b\u0151r darabokb\u00f3l k\u00e9sz\u00fclnek, ez\u00e9rt sokszor egyedi \u00e9s megism\u00e9telhetetlen darabok sz\u00fcletnek. Term\u00e9szetes b\u0151rb\u0151l, k\u00e9zzel szabva \u00e9s varrva k\u00e9sz\u00edtj\u00fck \u0151ket.<\/p>","protected":false},"featured_media":3396,"comment_status":"open","ping_status":"closed","template":"","meta":[],"product_cat":[40,26],"product_tag":[],"_links":{"self":[{"href":"https:\/\/ponpaon.ro\/ro\/wp-json\/wp\/v2\/product\/3571"}],"collection":[{"href":"https:\/\/ponpaon.ro\/ro\/wp-json\/wp\/v2\/product"}],"about":[{"href":"https:\/\/ponpaon.ro\/ro\/wp-json\/wp\/v2\/types\/product"}],"replies":[{"embeddable":true,"href":"https:\/\/ponpaon.ro\/ro\/wp-json\/wp\/v2\/comments?post=3571"}],"wp:featuredmedia":[{"embeddable":true,"href":"https:\/\/ponpaon.ro\/ro\/wp-json\/wp\/v2\/media\/3396"}],"wp:attachment":[{"href":"https:\/\/ponpaon.ro\/ro\/wp-json\/wp\/v2\/media?parent=3571"}],"wp:term":[{"taxonomy":"product_cat","embeddable":true,"href":"https:\/\/ponpaon.ro\/ro\/wp-json\/wp\/v2\/product_cat?post=3571"},{"taxonomy":"product_tag","embeddable":true,"href":"https:\/\/ponpaon.ro\/ro\/wp-json\/wp\/v2\/product_tag?post=3571"}],"curies":[{"name":"wp","href":"https:\/\/api.w.org\/{rel}","templated":true}]}}