{"id":3693,"date":"2026-02-24T11:17:23","date_gmt":"2026-02-24T11:17:23","guid":{"rendered":"https:\/\/ponpaon.ro\/?post_type=product&#038;p=3693"},"modified":"2026-03-10T10:24:13","modified_gmt":"2026-03-10T10:24:13","slug":"antoine-rolltop-hatizsak-ujrahasznositott-farmer","status":"publish","type":"product","link":"https:\/\/ponpaon.ro\/ro\/shop\/taskak\/antoine-rolltop-hatizsak-ujrahasznositott-farmer\/","title":{"rendered":"Antoine rolltop h\u00e1tizs\u00e1k-\u00fajrahasznos\u00edtott farmer"},"content":{"rendered":"<p>A h\u00e1tizs\u00e1kon el\u0151l egy nagyobb zseb, h\u00e1tul-oldalt egy kisebb cipz\u00e1ros zseb tal\u00e1lhat\u00f3. Belsej\u00e9ben egy laptopnak kialk\u00edtott, t\u00e9p\u0151z\u00e1ras zsebet tal\u00e1lsz, valamint k\u00e9t kisebb zsebet, amib\u0151l az egyik cipz\u00e1ros.<\/p>\n<p>Bretelele sunt c\u0103ptu\u0219ite \u0219i spatele are o plas\u0103 pentru confort suplimentar.<\/p>\n<p>Dimensiunile sunt urm\u0103toarele: \u00cen\u0103l\u021bime: deschis: 61 cm<\/p>\n<p>L\u0103\u021bime: jos: 26 cm, sus: 38 cm<\/p>\n<p>Ad\u00e2ncime: 15 cm<\/p>","protected":false},"excerpt":{"rendered":"<p>Rucsacurile noastre rolltop personalizate sunt extrem de confortabile \u0219i te \u00eenso\u021besc \u00een fiecare c\u0103l\u0103torie \u0219i aventur\u0103.<\/p>\n<p>Designul rolltop \u00ee\u021bi permite s\u0103 ajustezi u\u0219or volumul rucsacului - ruleaz\u0103 partea superioar\u0103 c\u00e2nd ai mai pu\u021bine lucruri \u00een el, sau r\u0103sfoie\u0219te-o c\u00e2nd ai nevoie de mai mult spa\u021biu. Astfel, te po\u021bi adapta \u00eentotdeauna nevoilor tale.<\/p>\n<p>Materialele rezistente \u0219i cus\u0103turile de \u00eenalt\u0103 calitate asigur\u0103 durabilitatea, astfel \u00eenc\u00e2t rucsacul te va servi mul\u021bi ani.<\/p>\n<p>Buzunarele \u0219i compartimentele suplimentare te ajut\u0103 s\u0103-\u021bi organizezi lucrurile, \u00een timp ce designul stilat se potrive\u0219te oric\u0103rei ocazii.<\/p>\n<p>F\u0103 din rucsacul rolltop partenerul t\u0103u de \u00eencredere \u00een fiecare aventur\u0103 \u0219i u\u0219ureaz\u0103-\u021bi c\u0103l\u0103toriile \u0219i activit\u0103\u021bile zilnice!<\/p>","protected":false},"featured_media":3682,"comment_status":"open","ping_status":"closed","template":"","meta":[],"product_cat":[24,43],"product_tag":[],"_links":{"self":[{"href":"https:\/\/ponpaon.ro\/ro\/wp-json\/wp\/v2\/product\/3693"}],"collection":[{"href":"https:\/\/ponpaon.ro\/ro\/wp-json\/wp\/v2\/product"}],"about":[{"href":"https:\/\/ponpaon.ro\/ro\/wp-json\/wp\/v2\/types\/product"}],"replies":[{"embeddable":true,"href":"https:\/\/ponpaon.ro\/ro\/wp-json\/wp\/v2\/comments?post=3693"}],"wp:featuredmedia":[{"embeddable":true,"href":"https:\/\/ponpaon.ro\/ro\/wp-json\/wp\/v2\/media\/3682"}],"wp:attachment":[{"href":"https:\/\/ponpaon.ro\/ro\/wp-json\/wp\/v2\/media?parent=3693"}],"wp:term":[{"taxonomy":"product_cat","embeddable":true,"href":"https:\/\/ponpaon.ro\/ro\/wp-json\/wp\/v2\/product_cat?post=3693"},{"taxonomy":"product_tag","embeddable":true,"href":"https:\/\/ponpaon.ro\/ro\/wp-json\/wp\/v2\/product_tag?post=3693"}],"curies":[{"name":"wp","href":"https:\/\/api.w.org\/{rel}","templated":true}]}}