{"id":3696,"date":"2026-02-24T11:41:31","date_gmt":"2026-02-24T11:41:31","guid":{"rendered":"https:\/\/ponpaon.ro\/?post_type=product&#038;p=3696"},"modified":"2026-03-31T10:28:54","modified_gmt":"2026-03-31T10:28:54","slug":"selene-crossbody-taska-farmer","status":"publish","type":"product","link":"https:\/\/ponpaon.ro\/ro\/shop\/kategoria-nelkuli\/selene-crossbody-taska-farmer\/","title":{"rendered":"Sel\u00e9ne crossbody t\u00e1ska- farmer"},"content":{"rendered":"<p>A t\u00e1ska belsej\u00e9ben praktikus cipz\u00e1ras \u00e9s beledug\u00f3s zseb v\u00e1r, \u00edgy minden a hely\u00e9re ker\u00fcl. K\u00f6nny\u0171, k\u00e9nyelmes, \u00e9s az \u00e1ll\u00edthat\u00f3 p\u00e1ntnak h\u00e1la b\u00e1rkire t\u00f6k\u00e9letesen passzol.<\/p>\n<p>M\u00e9retei: Hossz\u00fas\u00e1ga: 33 cm (legsz\u00e9lesebb pont)<\/p>\n<p>Sz\u00e9less\u00e9ge: 9 cm<\/p>","protected":false},"excerpt":{"rendered":"<p>Praktikus kialak\u00edt\u00e1s, maxim\u00e1lis k\u00e9nyelem. Ez a t\u00e1ska a mindennapi t\u00e1rsad lesz, mert pont annyit tud, amennyire sz\u00fcks\u00e9ged van.<\/p>","protected":false},"featured_media":3665,"comment_status":"open","ping_status":"closed","template":"","meta":[],"product_cat":[18],"product_tag":[],"_links":{"self":[{"href":"https:\/\/ponpaon.ro\/ro\/wp-json\/wp\/v2\/product\/3696"}],"collection":[{"href":"https:\/\/ponpaon.ro\/ro\/wp-json\/wp\/v2\/product"}],"about":[{"href":"https:\/\/ponpaon.ro\/ro\/wp-json\/wp\/v2\/types\/product"}],"replies":[{"embeddable":true,"href":"https:\/\/ponpaon.ro\/ro\/wp-json\/wp\/v2\/comments?post=3696"}],"wp:featuredmedia":[{"embeddable":true,"href":"https:\/\/ponpaon.ro\/ro\/wp-json\/wp\/v2\/media\/3665"}],"wp:attachment":[{"href":"https:\/\/ponpaon.ro\/ro\/wp-json\/wp\/v2\/media?parent=3696"}],"wp:term":[{"taxonomy":"product_cat","embeddable":true,"href":"https:\/\/ponpaon.ro\/ro\/wp-json\/wp\/v2\/product_cat?post=3696"},{"taxonomy":"product_tag","embeddable":true,"href":"https:\/\/ponpaon.ro\/ro\/wp-json\/wp\/v2\/product_tag?post=3696"}],"curies":[{"name":"wp","href":"https:\/\/api.w.org\/{rel}","templated":true}]}}